{"id":3672,"date":"2023-01-18T14:28:46","date_gmt":"2023-01-18T13:28:46","guid":{"rendered":"https:\/\/oze.jesman.pl\/sprzedaz-energii-eksploatacja\/"},"modified":"2024-01-11T13:39:15","modified_gmt":"2024-01-11T12:39:15","slug":"operation-ppa","status":"publish","type":"page","link":"https:\/\/oze.jesman.pl\/en\/operation-ppa\/","title":{"rendered":"OPERATION \/ PPA"},"content":{"rendered":"<div class=\"wpb-content-wrapper\"><p>[vc_row content_placement=&#8221;middle&#8221; css=&#8221;.vc_custom_1702480230031{padding-top: 40px !important;padding-bottom: 0px !important;}&#8221;][vc_column][vc_custom_heading text=&#8221;OPERATION OF THE PROJECT \/ POWER PURCHASE AGREEMENTS&#8221; google_fonts=&#8221;font_family:Montserrat%3Aregular%2C700|font_style:400%20regular%3A400%3Anormal&#8221;][\/vc_column][\/vc_row][vc_row][vc_column width=&#8221;1\/2&#8243;][vc_column_text]<\/p>\n<ul>\n<li>legal aspects of TCM,<\/li>\n<li>representation in front of public operators (distribution and transmission agreements, general, own needs contracts etc.),<\/li>\n<li>representation in front of ERO and OREO,<\/li>\n<li>proper reporting (among others to Energy Regulatory Office) as part of won RES auctions,<\/li>\n<li>warranty claims of BoP\/EPC contractors, turbine\/PV suppliers,<\/li>\n<li>management of agreements concluded in the project, corporate services, compliance with information obligations under facility agreements,<\/li>\n<li>physical and virtual (including hedging) energy purchase agreements based on standards (e.g. ISDA, EFET) as well as individually tailored to the Client&#8217;s needs,<\/li>\n<li>contracts for sale of guarantees of origin,<\/li>\n<li>structure of contract\u2019s security etc.<\/li>\n<\/ul>\n<p>[\/vc_column_text][\/vc_column][vc_column width=&#8221;1\/2&#8243;][vc_single_image image=&#8221;2309&#8243; img_size=&#8221;400&#8243;][\/vc_column][\/vc_row][vc_row content_placement=&#8221;middle&#8221; css=&#8221;.vc_custom_1704976737199{padding-top: 20px !important;padding-bottom: 40px !important;}&#8221;][vc_column][vc_text_separator title=&#8221;SELECTED EXPERIENCE&#8221;][vc_column_text]<\/p>\n<ul>\n<li><em>Jeste\u015bmy lub byli\u015bmy zaanga\u017cowani w obs\u0142ug\u0119 prawn\u0105 eksploatacji wi\u0119kszo\u015bci projekt\u00f3w, kt\u00f3re obs\u0142ugiwali\u015bmy na poprzednich etapach,<\/em><\/li>\n<li><em>dotychczas wynegocjowali\u015bmy dla naszych Klient\u00f3w i doprowadzili\u015bmy do podpisania PPA i cPPA dla projekt\u00f3w OZE o \u0142\u0105cznej mocy ponad 300 MW (umowy s\u0105 z powodzeniem realizowane).<\/em><\/li>\n<\/ul>\n<p>[\/vc_column_text][\/vc_column][\/vc_row][vc_row el_class=&#8221;bg-color&#8221; css=&#8221;.vc_custom_1480996122849{padding-top: 20px !important;padding-bottom: 20px !important;}&#8221;][vc_column]\n\t<div class=\"row call-to-action \">\n\t\t<div class=\"col-md-8\">\n\t        <h3 class=\"mt10\">Renewable Energy Sources, knowledge of the Polish market from its beginnings, 15 years of experience<\/h3>\n\t    <\/div>\n\t    <div class=\"col-md-4 text-right\">\n\t    \t<a class=\"btn btn-line-black btn-fx\" href=\"\/en\/contact\" target=\"_self\">CONTACT<\/a>\t    <\/div>\n    <\/div>\n\n[\/vc_column][\/vc_row]<\/p>\n<\/div>","protected":false},"excerpt":{"rendered":"<p>[vc_row content_placement=&#8221;middle&#8221; css=&#8221;.vc_custom_1702480230031{padding-top: 40px !important;padding-bottom: 0px !important;}&#8221;][vc_column][vc_custom_heading text=&#8221;OPERATION OF THE PROJECT \/ POWER PURCHASE AGREEMENTS&#8221; google_fonts=&#8221;font_family:Montserrat%3Aregular%2C700|font_style:400%20regular%3A400%3Anormal&#8221;][\/vc_column][\/vc_row][vc_row][vc_column width=&#8221;1\/2&#8243;][vc_column_text] legal aspects of TCM, representation in front of public operators (distribution and transmission agreements, general, own needs contracts etc.), representation in front of ERO and OREO, proper reporting (among others to Energy Regulatory Office) as part of won [&hellip;]<\/p>\n","protected":false},"author":1,"featured_media":0,"parent":0,"menu_order":0,"comment_status":"closed","ping_status":"closed","template":"page-templates\/template-fullwidth.php","meta":{"footnotes":""},"class_list":["post-3672","page","type-page","status-publish","hentry"],"yoast_head":"<!-- This site is optimized with the Yoast SEO plugin v21.9.1 - https:\/\/yoast.com\/wordpress\/plugins\/seo\/ -->\n<title>OPERATION \/ PPA - OZE Grzegorz Je\u015bman Radcowie Prawni i Adwokaci \u0141\u00f3d\u017a<\/title>\n<meta name=\"description\" content=\"legal aspects of TCM, representation in front of public operators (distribution and transmission agreements, general, own needs contracts etc.),\" \/>\n<meta name=\"robots\" content=\"index, follow, max-snippet:-1, max-image-preview:large, max-video-preview:-1\" \/>\n<link rel=\"canonical\" href=\"https:\/\/oze.jesman.pl\/en\/operation-ppa\/\" \/>\n<meta property=\"og:locale\" content=\"en_US\" \/>\n<meta property=\"og:type\" content=\"article\" \/>\n<meta property=\"og:title\" content=\"OPERATION \/ PPA - OZE Grzegorz Je\u015bman Radcowie Prawni i Adwokaci \u0141\u00f3d\u017a\" \/>\n<meta property=\"og:description\" content=\"legal aspects of TCM, representation in front of public operators (distribution and transmission agreements, general, own needs contracts etc.),\" \/>\n<meta property=\"og:url\" content=\"https:\/\/oze.jesman.pl\/en\/operation-ppa\/\" \/>\n<meta property=\"og:site_name\" content=\"OZE Grzegorz Je\u015bman Radcowie Prawni i Adwokaci \u0141\u00f3d\u017a\" \/>\n<meta property=\"article:publisher\" content=\"https:\/\/www.facebook.com\/ozegrzegorzjesman\" \/>\n<meta property=\"article:modified_time\" content=\"2024-01-11T12:39:15+00:00\" \/>\n<meta name=\"twitter:card\" content=\"summary_large_image\" \/>\n<meta name=\"twitter:label1\" content=\"Est. reading time\" \/>\n\t<meta name=\"twitter:data1\" content=\"2 minutes\" \/>\n<script type=\"application\/ld+json\" class=\"yoast-schema-graph\">{\"@context\":\"https:\/\/schema.org\",\"@graph\":[{\"@type\":\"WebPage\",\"@id\":\"https:\/\/oze.jesman.pl\/en\/operation-ppa\/\",\"url\":\"https:\/\/oze.jesman.pl\/en\/operation-ppa\/\",\"name\":\"OPERATION \/ PPA - OZE Grzegorz Je\u015bman Radcowie Prawni i Adwokaci \u0141\u00f3d\u017a\",\"isPartOf\":{\"@id\":\"https:\/\/oze.jesman.pl\/#website\"},\"datePublished\":\"2023-01-18T13:28:46+00:00\",\"dateModified\":\"2024-01-11T12:39:15+00:00\",\"description\":\"legal aspects of TCM, representation in front of public operators (distribution and transmission agreements, general, own needs contracts etc.),\",\"breadcrumb\":{\"@id\":\"https:\/\/oze.jesman.pl\/en\/operation-ppa\/#breadcrumb\"},\"inLanguage\":\"en-US\",\"potentialAction\":[{\"@type\":\"ReadAction\",\"target\":[\"https:\/\/oze.jesman.pl\/en\/operation-ppa\/\"]}]},{\"@type\":\"BreadcrumbList\",\"@id\":\"https:\/\/oze.jesman.pl\/en\/operation-ppa\/#breadcrumb\",\"itemListElement\":[{\"@type\":\"ListItem\",\"position\":1,\"name\":\"Strona g\u0142\u00f3wna\",\"item\":\"https:\/\/oze.jesman.pl\/en\/home\/\"},{\"@type\":\"ListItem\",\"position\":2,\"name\":\"OPERATION \/ PPA\"}]},{\"@type\":\"WebSite\",\"@id\":\"https:\/\/oze.jesman.pl\/#website\",\"url\":\"https:\/\/oze.jesman.pl\/\",\"name\":\"OZE Grzegorz Je\u015bman Radcowie Prawni i Adwokaci \u0141\u00f3d\u017a\",\"description\":\"Nasz zesp\u00f3\u0142 prawnik\u00f3w od 15 lat realizuje inwestycje OZE.\",\"publisher\":{\"@id\":\"https:\/\/oze.jesman.pl\/#organization\"},\"potentialAction\":[{\"@type\":\"SearchAction\",\"target\":{\"@type\":\"EntryPoint\",\"urlTemplate\":\"https:\/\/oze.jesman.pl\/?s={search_term_string}\"},\"query-input\":\"required name=search_term_string\"}],\"inLanguage\":\"en-US\"},{\"@type\":\"Organization\",\"@id\":\"https:\/\/oze.jesman.pl\/#organization\",\"name\":\"Zesp\u00f3\u0142 stanowi\u0105 profesjonalni prawnicy z ka\u017cdej dziedziny wykorzystywanej w inwestycjach OZE\",\"url\":\"https:\/\/oze.jesman.pl\/\",\"logo\":{\"@type\":\"ImageObject\",\"inLanguage\":\"en-US\",\"@id\":\"https:\/\/oze.jesman.pl\/#\/schema\/logo\/image\/\",\"url\":\"https:\/\/oze.jesman.pl\/wp-content\/uploads\/2023\/12\/logo-oze.png\",\"contentUrl\":\"https:\/\/oze.jesman.pl\/wp-content\/uploads\/2023\/12\/logo-oze.png\",\"width\":630,\"height\":250,\"caption\":\"Zesp\u00f3\u0142 stanowi\u0105 profesjonalni prawnicy z ka\u017cdej dziedziny wykorzystywanej w inwestycjach OZE\"},\"image\":{\"@id\":\"https:\/\/oze.jesman.pl\/#\/schema\/logo\/image\/\"},\"sameAs\":[\"https:\/\/www.facebook.com\/ozegrzegorzjesman\"]}]}<\/script>\n<!-- \/ Yoast SEO plugin. -->","yoast_head_json":{"title":"OPERATION \/ PPA - OZE Grzegorz Je\u015bman Radcowie Prawni i Adwokaci \u0141\u00f3d\u017a","description":"legal aspects of TCM, representation in front of public operators (distribution and transmission agreements, general, own needs contracts etc.),","robots":{"index":"index","follow":"follow","max-snippet":"max-snippet:-1","max-image-preview":"max-image-preview:large","max-video-preview":"max-video-preview:-1"},"canonical":"https:\/\/oze.jesman.pl\/en\/operation-ppa\/","og_locale":"en_US","og_type":"article","og_title":"OPERATION \/ PPA - OZE Grzegorz Je\u015bman Radcowie Prawni i Adwokaci \u0141\u00f3d\u017a","og_description":"legal aspects of TCM, representation in front of public operators (distribution and transmission agreements, general, own needs contracts etc.),","og_url":"https:\/\/oze.jesman.pl\/en\/operation-ppa\/","og_site_name":"OZE Grzegorz Je\u015bman Radcowie Prawni i Adwokaci \u0141\u00f3d\u017a","article_publisher":"https:\/\/www.facebook.com\/ozegrzegorzjesman","article_modified_time":"2024-01-11T12:39:15+00:00","twitter_card":"summary_large_image","twitter_misc":{"Est. reading time":"2 minutes"},"schema":{"@context":"https:\/\/schema.org","@graph":[{"@type":"WebPage","@id":"https:\/\/oze.jesman.pl\/en\/operation-ppa\/","url":"https:\/\/oze.jesman.pl\/en\/operation-ppa\/","name":"OPERATION \/ PPA - OZE Grzegorz Je\u015bman Radcowie Prawni i Adwokaci \u0141\u00f3d\u017a","isPartOf":{"@id":"https:\/\/oze.jesman.pl\/#website"},"datePublished":"2023-01-18T13:28:46+00:00","dateModified":"2024-01-11T12:39:15+00:00","description":"legal aspects of TCM, representation in front of public operators (distribution and transmission agreements, general, own needs contracts etc.),","breadcrumb":{"@id":"https:\/\/oze.jesman.pl\/en\/operation-ppa\/#breadcrumb"},"inLanguage":"en-US","potentialAction":[{"@type":"ReadAction","target":["https:\/\/oze.jesman.pl\/en\/operation-ppa\/"]}]},{"@type":"BreadcrumbList","@id":"https:\/\/oze.jesman.pl\/en\/operation-ppa\/#breadcrumb","itemListElement":[{"@type":"ListItem","position":1,"name":"Strona g\u0142\u00f3wna","item":"https:\/\/oze.jesman.pl\/en\/home\/"},{"@type":"ListItem","position":2,"name":"OPERATION \/ PPA"}]},{"@type":"WebSite","@id":"https:\/\/oze.jesman.pl\/#website","url":"https:\/\/oze.jesman.pl\/","name":"OZE Grzegorz Je\u015bman Radcowie Prawni i Adwokaci \u0141\u00f3d\u017a","description":"Nasz zesp\u00f3\u0142 prawnik\u00f3w od 15 lat realizuje inwestycje OZE.","publisher":{"@id":"https:\/\/oze.jesman.pl\/#organization"},"potentialAction":[{"@type":"SearchAction","target":{"@type":"EntryPoint","urlTemplate":"https:\/\/oze.jesman.pl\/?s={search_term_string}"},"query-input":"required name=search_term_string"}],"inLanguage":"en-US"},{"@type":"Organization","@id":"https:\/\/oze.jesman.pl\/#organization","name":"Zesp\u00f3\u0142 stanowi\u0105 profesjonalni prawnicy z ka\u017cdej dziedziny wykorzystywanej w inwestycjach OZE","url":"https:\/\/oze.jesman.pl\/","logo":{"@type":"ImageObject","inLanguage":"en-US","@id":"https:\/\/oze.jesman.pl\/#\/schema\/logo\/image\/","url":"https:\/\/oze.jesman.pl\/wp-content\/uploads\/2023\/12\/logo-oze.png","contentUrl":"https:\/\/oze.jesman.pl\/wp-content\/uploads\/2023\/12\/logo-oze.png","width":630,"height":250,"caption":"Zesp\u00f3\u0142 stanowi\u0105 profesjonalni prawnicy z ka\u017cdej dziedziny wykorzystywanej w inwestycjach OZE"},"image":{"@id":"https:\/\/oze.jesman.pl\/#\/schema\/logo\/image\/"},"sameAs":["https:\/\/www.facebook.com\/ozegrzegorzjesman"]}]}},"_links":{"self":[{"href":"https:\/\/oze.jesman.pl\/en\/wp-json\/wp\/v2\/pages\/3672","targetHints":{"allow":["GET"]}}],"collection":[{"href":"https:\/\/oze.jesman.pl\/en\/wp-json\/wp\/v2\/pages"}],"about":[{"href":"https:\/\/oze.jesman.pl\/en\/wp-json\/wp\/v2\/types\/page"}],"author":[{"embeddable":true,"href":"https:\/\/oze.jesman.pl\/en\/wp-json\/wp\/v2\/users\/1"}],"replies":[{"embeddable":true,"href":"https:\/\/oze.jesman.pl\/en\/wp-json\/wp\/v2\/comments?post=3672"}],"version-history":[{"count":5,"href":"https:\/\/oze.jesman.pl\/en\/wp-json\/wp\/v2\/pages\/3672\/revisions"}],"predecessor-version":[{"id":3749,"href":"https:\/\/oze.jesman.pl\/en\/wp-json\/wp\/v2\/pages\/3672\/revisions\/3749"}],"wp:attachment":[{"href":"https:\/\/oze.jesman.pl\/en\/wp-json\/wp\/v2\/media?parent=3672"}],"curies":[{"name":"wp","href":"https:\/\/api.w.org\/{rel}","templated":true}]}}