{"id":3734,"date":"2023-01-18T14:28:06","date_gmt":"2023-01-18T13:28:06","guid":{"rendered":"https:\/\/oze.jesman.pl\/cable-pooling\/"},"modified":"2024-01-11T12:36:22","modified_gmt":"2024-01-11T11:36:22","slug":"cable-pooling","status":"publish","type":"page","link":"https:\/\/oze.jesman.pl\/en\/cable-pooling\/","title":{"rendered":"CABLE POOLING"},"content":{"rendered":"<div class=\"wpb-content-wrapper\"><p>[vc_row content_placement=&#8221;middle&#8221; css=&#8221;.vc_custom_1702480230031{padding-top: 40px !important;padding-bottom: 0px !important;}&#8221;][vc_column][vc_custom_heading text=&#8221;CABLE POOLING&#8221; google_fonts=&#8221;font_family:Montserrat%3Aregular%2C700|font_style:400%20regular%3A400%3Anormal&#8221;][\/vc_column][\/vc_row][vc_row][vc_column width=&#8221;1\/2&#8243;][vc_column_text]<\/p>\n<ul>\n<li>legal analysis of possibility of cable pooling implementation,<\/li>\n<li>cooperation agreements in respect to sharing infrastructure, connections, balancing etc.,<\/li>\n<li>corporate and income-cost structure,<\/li>\n<li>representation in front of public operator (analysis, adjustment of technical and economic securities, change of interconnection conditions and interconnection agreement),<\/li>\n<li>representation before the Energy Regulatory Office and other necessary procedures.<\/li>\n<\/ul>\n<p><em>Currently we are engaged in few cable pooling processes in Poland.<\/em>[\/vc_column_text][\/vc_column][vc_column width=&#8221;1\/2&#8243;][vc_single_image image=&#8221;3679&#8243; img_size=&#8221;large&#8221;][\/vc_column][\/vc_row][vc_row el_class=&#8221;bg-color&#8221; css=&#8221;.vc_custom_1480996122849{padding-top: 20px !important;padding-bottom: 20px !important;}&#8221;][vc_column]\n\t<div class=\"row call-to-action \">\n\t\t<div class=\"col-md-8\">\n\t        <h3 class=\"mt10\">Renewable Energy Sources, knowledge of the Polish market from its beginnings, 15 years of experience<\/h3>\n\t    <\/div>\n\t    <div class=\"col-md-4 text-right\">\n\t    \t<a class=\"btn btn-line-black btn-fx\" href=\"\/en\/contact\" target=\"_self\">CONTACT<\/a>\t    <\/div>\n    <\/div>\n\n[\/vc_column][\/vc_row]<\/p>\n<\/div>","protected":false},"excerpt":{"rendered":"<p>[vc_row content_placement=&#8221;middle&#8221; css=&#8221;.vc_custom_1702480230031{padding-top: 40px !important;padding-bottom: 0px !important;}&#8221;][vc_column][vc_custom_heading text=&#8221;CABLE POOLING&#8221; google_fonts=&#8221;font_family:Montserrat%3Aregular%2C700|font_style:400%20regular%3A400%3Anormal&#8221;][\/vc_column][\/vc_row][vc_row][vc_column width=&#8221;1\/2&#8243;][vc_column_text] legal analysis of possibility of cable pooling implementation, cooperation agreements in respect to sharing infrastructure, connections, balancing etc., corporate and income-cost structure, representation in front of public operator (analysis, adjustment of technical and economic securities, change of interconnection conditions and interconnection agreement), representation before [&hellip;]<\/p>\n","protected":false},"author":1,"featured_media":0,"parent":0,"menu_order":0,"comment_status":"closed","ping_status":"closed","template":"page-templates\/template-fullwidth.php","meta":{"footnotes":""},"class_list":["post-3734","page","type-page","status-publish","hentry"],"yoast_head":"<!-- This site is optimized with the Yoast SEO plugin v21.9.1 - https:\/\/yoast.com\/wordpress\/plugins\/seo\/ -->\n<title>CABLE POOLING - OZE Grzegorz Je\u015bman Radcowie Prawni i Adwokaci \u0141\u00f3d\u017a<\/title>\n<meta name=\"description\" content=\"legal analysis of possibility of cable pooling implementation, cooperation agreements in respect to sharing infrastructure, connections, balancing etc.,\" \/>\n<meta name=\"robots\" content=\"index, follow, max-snippet:-1, max-image-preview:large, max-video-preview:-1\" \/>\n<link rel=\"canonical\" href=\"https:\/\/oze.jesman.pl\/en\/cable-pooling\/\" \/>\n<meta property=\"og:locale\" content=\"en_US\" \/>\n<meta property=\"og:type\" content=\"article\" \/>\n<meta property=\"og:title\" content=\"CABLE POOLING - OZE Grzegorz Je\u015bman Radcowie Prawni i Adwokaci \u0141\u00f3d\u017a\" \/>\n<meta property=\"og:description\" content=\"legal analysis of possibility of cable pooling implementation, cooperation agreements in respect to sharing infrastructure, connections, balancing etc.,\" \/>\n<meta property=\"og:url\" content=\"https:\/\/oze.jesman.pl\/en\/cable-pooling\/\" \/>\n<meta property=\"og:site_name\" content=\"OZE Grzegorz Je\u015bman Radcowie Prawni i Adwokaci \u0141\u00f3d\u017a\" \/>\n<meta property=\"article:publisher\" content=\"https:\/\/www.facebook.com\/ozegrzegorzjesman\" \/>\n<meta property=\"article:modified_time\" content=\"2024-01-11T11:36:22+00:00\" \/>\n<meta name=\"twitter:card\" content=\"summary_large_image\" \/>\n<meta name=\"twitter:label1\" content=\"Est. reading time\" \/>\n\t<meta name=\"twitter:data1\" content=\"1 minute\" \/>\n<script type=\"application\/ld+json\" class=\"yoast-schema-graph\">{\"@context\":\"https:\/\/schema.org\",\"@graph\":[{\"@type\":\"WebPage\",\"@id\":\"https:\/\/oze.jesman.pl\/en\/cable-pooling\/\",\"url\":\"https:\/\/oze.jesman.pl\/en\/cable-pooling\/\",\"name\":\"CABLE POOLING - OZE Grzegorz Je\u015bman Radcowie Prawni i Adwokaci \u0141\u00f3d\u017a\",\"isPartOf\":{\"@id\":\"https:\/\/oze.jesman.pl\/#website\"},\"datePublished\":\"2023-01-18T13:28:06+00:00\",\"dateModified\":\"2024-01-11T11:36:22+00:00\",\"description\":\"legal analysis of possibility of cable pooling implementation, cooperation agreements in respect to sharing infrastructure, connections, balancing etc.,\",\"breadcrumb\":{\"@id\":\"https:\/\/oze.jesman.pl\/en\/cable-pooling\/#breadcrumb\"},\"inLanguage\":\"en-US\",\"potentialAction\":[{\"@type\":\"ReadAction\",\"target\":[\"https:\/\/oze.jesman.pl\/en\/cable-pooling\/\"]}]},{\"@type\":\"BreadcrumbList\",\"@id\":\"https:\/\/oze.jesman.pl\/en\/cable-pooling\/#breadcrumb\",\"itemListElement\":[{\"@type\":\"ListItem\",\"position\":1,\"name\":\"Strona g\u0142\u00f3wna\",\"item\":\"https:\/\/oze.jesman.pl\/en\/home\/\"},{\"@type\":\"ListItem\",\"position\":2,\"name\":\"CABLE POOLING\"}]},{\"@type\":\"WebSite\",\"@id\":\"https:\/\/oze.jesman.pl\/#website\",\"url\":\"https:\/\/oze.jesman.pl\/\",\"name\":\"OZE Grzegorz Je\u015bman Radcowie Prawni i Adwokaci \u0141\u00f3d\u017a\",\"description\":\"Nasz zesp\u00f3\u0142 prawnik\u00f3w od 15 lat realizuje inwestycje OZE.\",\"publisher\":{\"@id\":\"https:\/\/oze.jesman.pl\/#organization\"},\"potentialAction\":[{\"@type\":\"SearchAction\",\"target\":{\"@type\":\"EntryPoint\",\"urlTemplate\":\"https:\/\/oze.jesman.pl\/?s={search_term_string}\"},\"query-input\":\"required name=search_term_string\"}],\"inLanguage\":\"en-US\"},{\"@type\":\"Organization\",\"@id\":\"https:\/\/oze.jesman.pl\/#organization\",\"name\":\"Zesp\u00f3\u0142 stanowi\u0105 profesjonalni prawnicy z ka\u017cdej dziedziny wykorzystywanej w inwestycjach OZE\",\"url\":\"https:\/\/oze.jesman.pl\/\",\"logo\":{\"@type\":\"ImageObject\",\"inLanguage\":\"en-US\",\"@id\":\"https:\/\/oze.jesman.pl\/#\/schema\/logo\/image\/\",\"url\":\"https:\/\/oze.jesman.pl\/wp-content\/uploads\/2023\/12\/logo-oze.png\",\"contentUrl\":\"https:\/\/oze.jesman.pl\/wp-content\/uploads\/2023\/12\/logo-oze.png\",\"width\":630,\"height\":250,\"caption\":\"Zesp\u00f3\u0142 stanowi\u0105 profesjonalni prawnicy z ka\u017cdej dziedziny wykorzystywanej w inwestycjach OZE\"},\"image\":{\"@id\":\"https:\/\/oze.jesman.pl\/#\/schema\/logo\/image\/\"},\"sameAs\":[\"https:\/\/www.facebook.com\/ozegrzegorzjesman\"]}]}<\/script>\n<!-- \/ Yoast SEO plugin. -->","yoast_head_json":{"title":"CABLE POOLING - OZE Grzegorz Je\u015bman Radcowie Prawni i Adwokaci \u0141\u00f3d\u017a","description":"legal analysis of possibility of cable pooling implementation, cooperation agreements in respect to sharing infrastructure, connections, balancing etc.,","robots":{"index":"index","follow":"follow","max-snippet":"max-snippet:-1","max-image-preview":"max-image-preview:large","max-video-preview":"max-video-preview:-1"},"canonical":"https:\/\/oze.jesman.pl\/en\/cable-pooling\/","og_locale":"en_US","og_type":"article","og_title":"CABLE POOLING - OZE Grzegorz Je\u015bman Radcowie Prawni i Adwokaci \u0141\u00f3d\u017a","og_description":"legal analysis of possibility of cable pooling implementation, cooperation agreements in respect to sharing infrastructure, connections, balancing etc.,","og_url":"https:\/\/oze.jesman.pl\/en\/cable-pooling\/","og_site_name":"OZE Grzegorz Je\u015bman Radcowie Prawni i Adwokaci \u0141\u00f3d\u017a","article_publisher":"https:\/\/www.facebook.com\/ozegrzegorzjesman","article_modified_time":"2024-01-11T11:36:22+00:00","twitter_card":"summary_large_image","twitter_misc":{"Est. reading time":"1 minute"},"schema":{"@context":"https:\/\/schema.org","@graph":[{"@type":"WebPage","@id":"https:\/\/oze.jesman.pl\/en\/cable-pooling\/","url":"https:\/\/oze.jesman.pl\/en\/cable-pooling\/","name":"CABLE POOLING - OZE Grzegorz Je\u015bman Radcowie Prawni i Adwokaci \u0141\u00f3d\u017a","isPartOf":{"@id":"https:\/\/oze.jesman.pl\/#website"},"datePublished":"2023-01-18T13:28:06+00:00","dateModified":"2024-01-11T11:36:22+00:00","description":"legal analysis of possibility of cable pooling implementation, cooperation agreements in respect to sharing infrastructure, connections, balancing etc.,","breadcrumb":{"@id":"https:\/\/oze.jesman.pl\/en\/cable-pooling\/#breadcrumb"},"inLanguage":"en-US","potentialAction":[{"@type":"ReadAction","target":["https:\/\/oze.jesman.pl\/en\/cable-pooling\/"]}]},{"@type":"BreadcrumbList","@id":"https:\/\/oze.jesman.pl\/en\/cable-pooling\/#breadcrumb","itemListElement":[{"@type":"ListItem","position":1,"name":"Strona g\u0142\u00f3wna","item":"https:\/\/oze.jesman.pl\/en\/home\/"},{"@type":"ListItem","position":2,"name":"CABLE POOLING"}]},{"@type":"WebSite","@id":"https:\/\/oze.jesman.pl\/#website","url":"https:\/\/oze.jesman.pl\/","name":"OZE Grzegorz Je\u015bman Radcowie Prawni i Adwokaci \u0141\u00f3d\u017a","description":"Nasz zesp\u00f3\u0142 prawnik\u00f3w od 15 lat realizuje inwestycje OZE.","publisher":{"@id":"https:\/\/oze.jesman.pl\/#organization"},"potentialAction":[{"@type":"SearchAction","target":{"@type":"EntryPoint","urlTemplate":"https:\/\/oze.jesman.pl\/?s={search_term_string}"},"query-input":"required name=search_term_string"}],"inLanguage":"en-US"},{"@type":"Organization","@id":"https:\/\/oze.jesman.pl\/#organization","name":"Zesp\u00f3\u0142 stanowi\u0105 profesjonalni prawnicy z ka\u017cdej dziedziny wykorzystywanej w inwestycjach OZE","url":"https:\/\/oze.jesman.pl\/","logo":{"@type":"ImageObject","inLanguage":"en-US","@id":"https:\/\/oze.jesman.pl\/#\/schema\/logo\/image\/","url":"https:\/\/oze.jesman.pl\/wp-content\/uploads\/2023\/12\/logo-oze.png","contentUrl":"https:\/\/oze.jesman.pl\/wp-content\/uploads\/2023\/12\/logo-oze.png","width":630,"height":250,"caption":"Zesp\u00f3\u0142 stanowi\u0105 profesjonalni prawnicy z ka\u017cdej dziedziny wykorzystywanej w inwestycjach OZE"},"image":{"@id":"https:\/\/oze.jesman.pl\/#\/schema\/logo\/image\/"},"sameAs":["https:\/\/www.facebook.com\/ozegrzegorzjesman"]}]}},"_links":{"self":[{"href":"https:\/\/oze.jesman.pl\/en\/wp-json\/wp\/v2\/pages\/3734","targetHints":{"allow":["GET"]}}],"collection":[{"href":"https:\/\/oze.jesman.pl\/en\/wp-json\/wp\/v2\/pages"}],"about":[{"href":"https:\/\/oze.jesman.pl\/en\/wp-json\/wp\/v2\/types\/page"}],"author":[{"embeddable":true,"href":"https:\/\/oze.jesman.pl\/en\/wp-json\/wp\/v2\/users\/1"}],"replies":[{"embeddable":true,"href":"https:\/\/oze.jesman.pl\/en\/wp-json\/wp\/v2\/comments?post=3734"}],"version-history":[{"count":1,"href":"https:\/\/oze.jesman.pl\/en\/wp-json\/wp\/v2\/pages\/3734\/revisions"}],"predecessor-version":[{"id":3735,"href":"https:\/\/oze.jesman.pl\/en\/wp-json\/wp\/v2\/pages\/3734\/revisions\/3735"}],"wp:attachment":[{"href":"https:\/\/oze.jesman.pl\/en\/wp-json\/wp\/v2\/media?parent=3734"}],"curies":[{"name":"wp","href":"https:\/\/api.w.org\/{rel}","templated":true}]}}