{"id":3738,"date":"2023-01-18T14:28:31","date_gmt":"2023-01-18T13:28:31","guid":{"rendered":"https:\/\/oze.jesman.pl\/construction-license\/"},"modified":"2024-01-11T12:50:34","modified_gmt":"2024-01-11T11:50:34","slug":"construction-license","status":"publish","type":"page","link":"https:\/\/oze.jesman.pl\/en\/construction-license\/","title":{"rendered":"CONSTRUCTION \/ LICENSE"},"content":{"rendered":"<div class=\"wpb-content-wrapper\"><p>[vc_row content_placement=&#8221;middle&#8221; css=&#8221;.vc_custom_1702480230031{padding-top: 40px !important;padding-bottom: 0px !important;}&#8221;][vc_column][vc_custom_heading text=&#8221;CONSTRUCTION, FINANCING AND ENERGY GENERATION LICENSE&#8221; google_fonts=&#8221;font_family:Montserrat%3Aregular%2C700|font_style:400%20regular%3A400%3Anormal&#8221;][\/vc_column][\/vc_row][vc_row][vc_column width=&#8221;1\/2&#8243;][vc_column_text]<\/p>\n<ul>\n<li>organization of tender for selection of contractor(s) for construction works,<\/li>\n<li>negotiations with selected contractors,<\/li>\n<li>contract for design and construction works (BoP, EPC),<\/li>\n<li>securities and contract management,<\/li>\n<li>supply contracts (turbines, PV, other infrastructure) along with securities,<\/li>\n<li>long-term infrastructure maintenance agreements,<\/li>\n<li>bank financing,<\/li>\n<li>structure of equity and shareholders&#8217; agreements,<\/li>\n<li>security documents (pledges, assignments, direct agreements, necessary registrations),<\/li>\n<li>legal documentation of construction and energization (including representation before operators \u2013 EON, ION, FON),<\/li>\n<li>obtaining of an electricity generation license.<\/li>\n<\/ul>\n<p>[\/vc_column_text][\/vc_column][vc_column width=&#8221;1\/2&#8243;][vc_single_image image=&#8221;2300&#8243; img_size=&#8221;400&#8243;][\/vc_column][\/vc_row][vc_row][vc_column][vc_text_separator title=&#8221;SELECTED EXPERIENCE&#8221; style=&#8221;dashed&#8221; css=&#8221;.vc_custom_1704973811543{padding-bottom: 30px !important;}&#8221;][vc_column_text]<\/p>\n<ul>\n<li><em>preparation, negotiation and signing of contracts for construction works with a total value of nearly PLN 800 million, <\/em><\/li>\n<li><em>negotiations and signing of contracts with most of the largest producers of wind turbines and PV infrastructure of value over EUR 500 million,<\/em><\/li>\n<li><em>over 300 MW of obtained electricity generation licenses.<\/em><\/li>\n<\/ul>\n<p>[\/vc_column_text][\/vc_column][\/vc_row][vc_row][vc_column width=&#8221;1\/3&#8243;][vc_single_image image=&#8221;2306&#8243; img_size=&#8221;500&#8243;][\/vc_column][vc_column width=&#8221;1\/3&#8243;][vc_single_image image=&#8221;2305&#8243; img_size=&#8221;500&#8243;][\/vc_column][vc_column width=&#8221;1\/3&#8243;][vc_single_image image=&#8221;2304&#8243; img_size=&#8221;500&#8243;][\/vc_column][\/vc_row][vc_row el_class=&#8221;bg-color&#8221; css=&#8221;.vc_custom_1480996122849{padding-top: 20px !important;padding-bottom: 20px !important;}&#8221;][vc_column]\n\t<div class=\"row call-to-action \">\n\t\t<div class=\"col-md-8\">\n\t        <h3 class=\"mt10\">Renewable Energy Sources, knowledge of the Polish market from its beginnings, 15 years of experience<\/h3>\n\t    <\/div>\n\t    <div class=\"col-md-4 text-right\">\n\t    \t<a class=\"btn btn-line-black btn-fx\" href=\"\/en\/contact\" target=\"_self\">CONTACT<\/a>\t    <\/div>\n    <\/div>\n\n[\/vc_column][\/vc_row]<\/p>\n<\/div>","protected":false},"excerpt":{"rendered":"<p>[vc_row content_placement=&#8221;middle&#8221; css=&#8221;.vc_custom_1702480230031{padding-top: 40px !important;padding-bottom: 0px !important;}&#8221;][vc_column][vc_custom_heading text=&#8221;CONSTRUCTION, FINANCING AND ENERGY GENERATION LICENSE&#8221; google_fonts=&#8221;font_family:Montserrat%3Aregular%2C700|font_style:400%20regular%3A400%3Anormal&#8221;][\/vc_column][\/vc_row][vc_row][vc_column width=&#8221;1\/2&#8243;][vc_column_text] organization of tender for selection of contractor(s) for construction works, negotiations with selected contractors, contract for design and construction works (BoP, EPC), securities and contract management, supply contracts (turbines, PV, other infrastructure) along with securities, long-term infrastructure maintenance agreements, bank [&hellip;]<\/p>\n","protected":false},"author":1,"featured_media":0,"parent":0,"menu_order":0,"comment_status":"closed","ping_status":"closed","template":"page-templates\/template-fullwidth.php","meta":{"footnotes":""},"class_list":["post-3738","page","type-page","status-publish","hentry"],"yoast_head":"<!-- This site is optimized with the Yoast SEO plugin v21.9.1 - https:\/\/yoast.com\/wordpress\/plugins\/seo\/ -->\n<title>CONSTRUCTION \/ LICENSE - OZE Grzegorz Je\u015bman Radcowie Prawni i Adwokaci \u0141\u00f3d\u017a<\/title>\n<meta name=\"description\" content=\"organization of tender for selection of contractor(s) for construction works, negotiations with selected contractors, contract for design and construction\" \/>\n<meta name=\"robots\" content=\"index, follow, max-snippet:-1, max-image-preview:large, max-video-preview:-1\" \/>\n<link rel=\"canonical\" href=\"https:\/\/oze.jesman.pl\/en\/construction-license\/\" \/>\n<meta property=\"og:locale\" content=\"en_US\" \/>\n<meta property=\"og:type\" content=\"article\" \/>\n<meta property=\"og:title\" content=\"CONSTRUCTION \/ LICENSE - OZE Grzegorz Je\u015bman Radcowie Prawni i Adwokaci \u0141\u00f3d\u017a\" \/>\n<meta property=\"og:description\" content=\"organization of tender for selection of contractor(s) for construction works, negotiations with selected contractors, contract for design and construction\" \/>\n<meta property=\"og:url\" content=\"https:\/\/oze.jesman.pl\/en\/construction-license\/\" \/>\n<meta property=\"og:site_name\" content=\"OZE Grzegorz Je\u015bman Radcowie Prawni i Adwokaci \u0141\u00f3d\u017a\" \/>\n<meta property=\"article:publisher\" content=\"https:\/\/www.facebook.com\/ozegrzegorzjesman\" \/>\n<meta property=\"article:modified_time\" content=\"2024-01-11T11:50:34+00:00\" \/>\n<meta name=\"twitter:card\" content=\"summary_large_image\" \/>\n<meta name=\"twitter:label1\" content=\"Est. reading time\" \/>\n\t<meta name=\"twitter:data1\" content=\"1 minute\" \/>\n<script type=\"application\/ld+json\" class=\"yoast-schema-graph\">{\"@context\":\"https:\/\/schema.org\",\"@graph\":[{\"@type\":\"WebPage\",\"@id\":\"https:\/\/oze.jesman.pl\/en\/construction-license\/\",\"url\":\"https:\/\/oze.jesman.pl\/en\/construction-license\/\",\"name\":\"CONSTRUCTION \/ LICENSE - OZE Grzegorz Je\u015bman Radcowie Prawni i Adwokaci \u0141\u00f3d\u017a\",\"isPartOf\":{\"@id\":\"https:\/\/oze.jesman.pl\/#website\"},\"datePublished\":\"2023-01-18T13:28:31+00:00\",\"dateModified\":\"2024-01-11T11:50:34+00:00\",\"description\":\"organization of tender for selection of contractor(s) for construction works, negotiations with selected contractors, contract for design and construction\",\"breadcrumb\":{\"@id\":\"https:\/\/oze.jesman.pl\/en\/construction-license\/#breadcrumb\"},\"inLanguage\":\"en-US\",\"potentialAction\":[{\"@type\":\"ReadAction\",\"target\":[\"https:\/\/oze.jesman.pl\/en\/construction-license\/\"]}]},{\"@type\":\"BreadcrumbList\",\"@id\":\"https:\/\/oze.jesman.pl\/en\/construction-license\/#breadcrumb\",\"itemListElement\":[{\"@type\":\"ListItem\",\"position\":1,\"name\":\"Strona g\u0142\u00f3wna\",\"item\":\"https:\/\/oze.jesman.pl\/en\/home\/\"},{\"@type\":\"ListItem\",\"position\":2,\"name\":\"CONSTRUCTION \/ LICENSE\"}]},{\"@type\":\"WebSite\",\"@id\":\"https:\/\/oze.jesman.pl\/#website\",\"url\":\"https:\/\/oze.jesman.pl\/\",\"name\":\"OZE Grzegorz Je\u015bman Radcowie Prawni i Adwokaci \u0141\u00f3d\u017a\",\"description\":\"Nasz zesp\u00f3\u0142 prawnik\u00f3w od 15 lat realizuje inwestycje OZE.\",\"publisher\":{\"@id\":\"https:\/\/oze.jesman.pl\/#organization\"},\"potentialAction\":[{\"@type\":\"SearchAction\",\"target\":{\"@type\":\"EntryPoint\",\"urlTemplate\":\"https:\/\/oze.jesman.pl\/?s={search_term_string}\"},\"query-input\":\"required name=search_term_string\"}],\"inLanguage\":\"en-US\"},{\"@type\":\"Organization\",\"@id\":\"https:\/\/oze.jesman.pl\/#organization\",\"name\":\"Zesp\u00f3\u0142 stanowi\u0105 profesjonalni prawnicy z ka\u017cdej dziedziny wykorzystywanej w inwestycjach OZE\",\"url\":\"https:\/\/oze.jesman.pl\/\",\"logo\":{\"@type\":\"ImageObject\",\"inLanguage\":\"en-US\",\"@id\":\"https:\/\/oze.jesman.pl\/#\/schema\/logo\/image\/\",\"url\":\"https:\/\/oze.jesman.pl\/wp-content\/uploads\/2023\/12\/logo-oze.png\",\"contentUrl\":\"https:\/\/oze.jesman.pl\/wp-content\/uploads\/2023\/12\/logo-oze.png\",\"width\":630,\"height\":250,\"caption\":\"Zesp\u00f3\u0142 stanowi\u0105 profesjonalni prawnicy z ka\u017cdej dziedziny wykorzystywanej w inwestycjach OZE\"},\"image\":{\"@id\":\"https:\/\/oze.jesman.pl\/#\/schema\/logo\/image\/\"},\"sameAs\":[\"https:\/\/www.facebook.com\/ozegrzegorzjesman\"]}]}<\/script>\n<!-- \/ Yoast SEO plugin. -->","yoast_head_json":{"title":"CONSTRUCTION \/ LICENSE - OZE Grzegorz Je\u015bman Radcowie Prawni i Adwokaci \u0141\u00f3d\u017a","description":"organization of tender for selection of contractor(s) for construction works, negotiations with selected contractors, contract for design and construction","robots":{"index":"index","follow":"follow","max-snippet":"max-snippet:-1","max-image-preview":"max-image-preview:large","max-video-preview":"max-video-preview:-1"},"canonical":"https:\/\/oze.jesman.pl\/en\/construction-license\/","og_locale":"en_US","og_type":"article","og_title":"CONSTRUCTION \/ LICENSE - OZE Grzegorz Je\u015bman Radcowie Prawni i Adwokaci \u0141\u00f3d\u017a","og_description":"organization of tender for selection of contractor(s) for construction works, negotiations with selected contractors, contract for design and construction","og_url":"https:\/\/oze.jesman.pl\/en\/construction-license\/","og_site_name":"OZE Grzegorz Je\u015bman Radcowie Prawni i Adwokaci \u0141\u00f3d\u017a","article_publisher":"https:\/\/www.facebook.com\/ozegrzegorzjesman","article_modified_time":"2024-01-11T11:50:34+00:00","twitter_card":"summary_large_image","twitter_misc":{"Est. reading time":"1 minute"},"schema":{"@context":"https:\/\/schema.org","@graph":[{"@type":"WebPage","@id":"https:\/\/oze.jesman.pl\/en\/construction-license\/","url":"https:\/\/oze.jesman.pl\/en\/construction-license\/","name":"CONSTRUCTION \/ LICENSE - OZE Grzegorz Je\u015bman Radcowie Prawni i Adwokaci \u0141\u00f3d\u017a","isPartOf":{"@id":"https:\/\/oze.jesman.pl\/#website"},"datePublished":"2023-01-18T13:28:31+00:00","dateModified":"2024-01-11T11:50:34+00:00","description":"organization of tender for selection of contractor(s) for construction works, negotiations with selected contractors, contract for design and construction","breadcrumb":{"@id":"https:\/\/oze.jesman.pl\/en\/construction-license\/#breadcrumb"},"inLanguage":"en-US","potentialAction":[{"@type":"ReadAction","target":["https:\/\/oze.jesman.pl\/en\/construction-license\/"]}]},{"@type":"BreadcrumbList","@id":"https:\/\/oze.jesman.pl\/en\/construction-license\/#breadcrumb","itemListElement":[{"@type":"ListItem","position":1,"name":"Strona g\u0142\u00f3wna","item":"https:\/\/oze.jesman.pl\/en\/home\/"},{"@type":"ListItem","position":2,"name":"CONSTRUCTION \/ LICENSE"}]},{"@type":"WebSite","@id":"https:\/\/oze.jesman.pl\/#website","url":"https:\/\/oze.jesman.pl\/","name":"OZE Grzegorz Je\u015bman Radcowie Prawni i Adwokaci \u0141\u00f3d\u017a","description":"Nasz zesp\u00f3\u0142 prawnik\u00f3w od 15 lat realizuje inwestycje OZE.","publisher":{"@id":"https:\/\/oze.jesman.pl\/#organization"},"potentialAction":[{"@type":"SearchAction","target":{"@type":"EntryPoint","urlTemplate":"https:\/\/oze.jesman.pl\/?s={search_term_string}"},"query-input":"required name=search_term_string"}],"inLanguage":"en-US"},{"@type":"Organization","@id":"https:\/\/oze.jesman.pl\/#organization","name":"Zesp\u00f3\u0142 stanowi\u0105 profesjonalni prawnicy z ka\u017cdej dziedziny wykorzystywanej w inwestycjach OZE","url":"https:\/\/oze.jesman.pl\/","logo":{"@type":"ImageObject","inLanguage":"en-US","@id":"https:\/\/oze.jesman.pl\/#\/schema\/logo\/image\/","url":"https:\/\/oze.jesman.pl\/wp-content\/uploads\/2023\/12\/logo-oze.png","contentUrl":"https:\/\/oze.jesman.pl\/wp-content\/uploads\/2023\/12\/logo-oze.png","width":630,"height":250,"caption":"Zesp\u00f3\u0142 stanowi\u0105 profesjonalni prawnicy z ka\u017cdej dziedziny wykorzystywanej w inwestycjach OZE"},"image":{"@id":"https:\/\/oze.jesman.pl\/#\/schema\/logo\/image\/"},"sameAs":["https:\/\/www.facebook.com\/ozegrzegorzjesman"]}]}},"_links":{"self":[{"href":"https:\/\/oze.jesman.pl\/en\/wp-json\/wp\/v2\/pages\/3738","targetHints":{"allow":["GET"]}}],"collection":[{"href":"https:\/\/oze.jesman.pl\/en\/wp-json\/wp\/v2\/pages"}],"about":[{"href":"https:\/\/oze.jesman.pl\/en\/wp-json\/wp\/v2\/types\/page"}],"author":[{"embeddable":true,"href":"https:\/\/oze.jesman.pl\/en\/wp-json\/wp\/v2\/users\/1"}],"replies":[{"embeddable":true,"href":"https:\/\/oze.jesman.pl\/en\/wp-json\/wp\/v2\/comments?post=3738"}],"version-history":[{"count":4,"href":"https:\/\/oze.jesman.pl\/en\/wp-json\/wp\/v2\/pages\/3738\/revisions"}],"predecessor-version":[{"id":3744,"href":"https:\/\/oze.jesman.pl\/en\/wp-json\/wp\/v2\/pages\/3738\/revisions\/3744"}],"wp:attachment":[{"href":"https:\/\/oze.jesman.pl\/en\/wp-json\/wp\/v2\/media?parent=3738"}],"curies":[{"name":"wp","href":"https:\/\/api.w.org\/{rel}","templated":true}]}}