{"id":3757,"date":"2016-12-05T04:56:01","date_gmt":"2016-12-05T03:56:01","guid":{"rendered":"https:\/\/oze.jesman.pl\/kontakt\/"},"modified":"2024-01-11T13:51:51","modified_gmt":"2024-01-11T12:51:51","slug":"contact","status":"publish","type":"page","link":"https:\/\/oze.jesman.pl\/en\/contact\/","title":{"rendered":"CONTACT"},"content":{"rendered":"<div class=\"wpb-content-wrapper\"><p>[vc_row][vc_column]\t<div class=\"de_tab tab_style_2\">\n\t\t        <div class=\"de_tab_content tc_style-1\">\n        \t            <div id=\"tab0\">\n                <div class=\"row\">\n                    <div class=\"col-md-6\">\n                    \t<iframe loading=\"lazy\" src=\"https:\/\/www.google.com\/maps\/embed\/v1\/place?q=Piotrkowska+116,+\u0141\u00f3d\u017a,+Polska&key=AIzaSyBFw0Qbyq9zTFTd-tUY6dZWTgaQzuU17R8\" width=\"100%\" height=\"380\" frameborder=\"0\" style=\"border: 0\" allowfullscreen><\/iframe>                    <\/div>\n                    <div class=\"col-md-6\">\n                    \t<address class=\"address-style-2\">\n<span><strong>Address:<\/strong>ul. Piotrkowska 116, budynek 5, 90-006 \u0141\u00f3d\u017a, Polska <\/span>\n<b>OZE<\/b>\n<br><b>Mobile:<\/b> +48 606 230 320\n<br><b>E-mail:<\/b> <a href=\"mailto:grzegorz@jesman.pl\">grzegorz@jesman.pl<\/a>\n<br><a href=\"https:\/\/oze.jesman.pl\/\">https:\/\/oze.jesman.pl\/<\/a><br><br>\n\n<br><b>OTHER LEGAL SERVICES<\/b>\n<br><b>Mobile:<\/b> +48 575 388 104\n<br><b>E-mail:<\/b> <a href=\"mailto:kancelaria@jesman.pl\">kancelaria@jesman.pl<\/a>\n<br><a href=\"https:\/\/kancelaria.jesman.pl\/\">https:\/\/kancelaria.jesman.pl\/<\/a>\n<\/address>                    <\/div>\n                <\/div>\n            <\/div>\n                    <\/div>\n    <\/div>\n\n[vc_empty_space height=&#8221;10px&#8221;][\/vc_column][\/vc_row]<\/p>\n<\/div>","protected":false},"excerpt":{"rendered":"<p>[vc_row][vc_column][vc_empty_space height=&#8221;10px&#8221;][\/vc_column][\/vc_row]<\/p>\n","protected":false},"author":1,"featured_media":0,"parent":0,"menu_order":0,"comment_status":"closed","ping_status":"closed","template":"page-templates\/template-fullwidth.php","meta":{"footnotes":""},"class_list":["post-3757","page","type-page","status-publish","hentry"],"yoast_head":"<!-- This site is optimized with the Yoast SEO plugin v21.9.1 - https:\/\/yoast.com\/wordpress\/plugins\/seo\/ -->\n<title>CONTACT - OZE Grzegorz Je\u015bman Radcowie Prawni i Adwokaci \u0141\u00f3d\u017a<\/title>\n<meta name=\"robots\" content=\"index, follow, max-snippet:-1, max-image-preview:large, max-video-preview:-1\" \/>\n<link rel=\"canonical\" href=\"https:\/\/oze.jesman.pl\/en\/contact\/\" \/>\n<meta property=\"og:locale\" content=\"en_US\" \/>\n<meta property=\"og:type\" content=\"article\" \/>\n<meta property=\"og:title\" content=\"CONTACT - OZE Grzegorz Je\u015bman Radcowie Prawni i Adwokaci \u0141\u00f3d\u017a\" \/>\n<meta property=\"og:url\" content=\"https:\/\/oze.jesman.pl\/en\/contact\/\" \/>\n<meta property=\"og:site_name\" content=\"OZE Grzegorz Je\u015bman Radcowie Prawni i Adwokaci \u0141\u00f3d\u017a\" \/>\n<meta property=\"article:publisher\" content=\"https:\/\/www.facebook.com\/ozegrzegorzjesman\" \/>\n<meta property=\"article:modified_time\" content=\"2024-01-11T12:51:51+00:00\" \/>\n<meta name=\"twitter:card\" content=\"summary_large_image\" \/>\n<meta name=\"twitter:label1\" content=\"Est. reading time\" \/>\n\t<meta name=\"twitter:data1\" content=\"1 minute\" \/>\n<script type=\"application\/ld+json\" class=\"yoast-schema-graph\">{\"@context\":\"https:\/\/schema.org\",\"@graph\":[{\"@type\":\"WebPage\",\"@id\":\"https:\/\/oze.jesman.pl\/en\/contact\/\",\"url\":\"https:\/\/oze.jesman.pl\/en\/contact\/\",\"name\":\"CONTACT - OZE Grzegorz Je\u015bman Radcowie Prawni i Adwokaci \u0141\u00f3d\u017a\",\"isPartOf\":{\"@id\":\"https:\/\/oze.jesman.pl\/#website\"},\"datePublished\":\"2016-12-05T03:56:01+00:00\",\"dateModified\":\"2024-01-11T12:51:51+00:00\",\"breadcrumb\":{\"@id\":\"https:\/\/oze.jesman.pl\/en\/contact\/#breadcrumb\"},\"inLanguage\":\"en-US\",\"potentialAction\":[{\"@type\":\"ReadAction\",\"target\":[\"https:\/\/oze.jesman.pl\/en\/contact\/\"]}]},{\"@type\":\"BreadcrumbList\",\"@id\":\"https:\/\/oze.jesman.pl\/en\/contact\/#breadcrumb\",\"itemListElement\":[{\"@type\":\"ListItem\",\"position\":1,\"name\":\"Strona g\u0142\u00f3wna\",\"item\":\"https:\/\/oze.jesman.pl\/en\/home\/\"},{\"@type\":\"ListItem\",\"position\":2,\"name\":\"CONTACT\"}]},{\"@type\":\"WebSite\",\"@id\":\"https:\/\/oze.jesman.pl\/#website\",\"url\":\"https:\/\/oze.jesman.pl\/\",\"name\":\"OZE Grzegorz Je\u015bman Radcowie Prawni i Adwokaci \u0141\u00f3d\u017a\",\"description\":\"Nasz zesp\u00f3\u0142 prawnik\u00f3w od 15 lat realizuje inwestycje OZE.\",\"publisher\":{\"@id\":\"https:\/\/oze.jesman.pl\/#organization\"},\"potentialAction\":[{\"@type\":\"SearchAction\",\"target\":{\"@type\":\"EntryPoint\",\"urlTemplate\":\"https:\/\/oze.jesman.pl\/?s={search_term_string}\"},\"query-input\":\"required name=search_term_string\"}],\"inLanguage\":\"en-US\"},{\"@type\":\"Organization\",\"@id\":\"https:\/\/oze.jesman.pl\/#organization\",\"name\":\"Zesp\u00f3\u0142 stanowi\u0105 profesjonalni prawnicy z ka\u017cdej dziedziny wykorzystywanej w inwestycjach OZE\",\"url\":\"https:\/\/oze.jesman.pl\/\",\"logo\":{\"@type\":\"ImageObject\",\"inLanguage\":\"en-US\",\"@id\":\"https:\/\/oze.jesman.pl\/#\/schema\/logo\/image\/\",\"url\":\"https:\/\/oze.jesman.pl\/wp-content\/uploads\/2023\/12\/logo-oze.png\",\"contentUrl\":\"https:\/\/oze.jesman.pl\/wp-content\/uploads\/2023\/12\/logo-oze.png\",\"width\":630,\"height\":250,\"caption\":\"Zesp\u00f3\u0142 stanowi\u0105 profesjonalni prawnicy z ka\u017cdej dziedziny wykorzystywanej w inwestycjach OZE\"},\"image\":{\"@id\":\"https:\/\/oze.jesman.pl\/#\/schema\/logo\/image\/\"},\"sameAs\":[\"https:\/\/www.facebook.com\/ozegrzegorzjesman\"]}]}<\/script>\n<!-- \/ Yoast SEO plugin. -->","yoast_head_json":{"title":"CONTACT - OZE Grzegorz Je\u015bman Radcowie Prawni i Adwokaci \u0141\u00f3d\u017a","robots":{"index":"index","follow":"follow","max-snippet":"max-snippet:-1","max-image-preview":"max-image-preview:large","max-video-preview":"max-video-preview:-1"},"canonical":"https:\/\/oze.jesman.pl\/en\/contact\/","og_locale":"en_US","og_type":"article","og_title":"CONTACT - OZE Grzegorz Je\u015bman Radcowie Prawni i Adwokaci \u0141\u00f3d\u017a","og_url":"https:\/\/oze.jesman.pl\/en\/contact\/","og_site_name":"OZE Grzegorz Je\u015bman Radcowie Prawni i Adwokaci \u0141\u00f3d\u017a","article_publisher":"https:\/\/www.facebook.com\/ozegrzegorzjesman","article_modified_time":"2024-01-11T12:51:51+00:00","twitter_card":"summary_large_image","twitter_misc":{"Est. reading time":"1 minute"},"schema":{"@context":"https:\/\/schema.org","@graph":[{"@type":"WebPage","@id":"https:\/\/oze.jesman.pl\/en\/contact\/","url":"https:\/\/oze.jesman.pl\/en\/contact\/","name":"CONTACT - OZE Grzegorz Je\u015bman Radcowie Prawni i Adwokaci \u0141\u00f3d\u017a","isPartOf":{"@id":"https:\/\/oze.jesman.pl\/#website"},"datePublished":"2016-12-05T03:56:01+00:00","dateModified":"2024-01-11T12:51:51+00:00","breadcrumb":{"@id":"https:\/\/oze.jesman.pl\/en\/contact\/#breadcrumb"},"inLanguage":"en-US","potentialAction":[{"@type":"ReadAction","target":["https:\/\/oze.jesman.pl\/en\/contact\/"]}]},{"@type":"BreadcrumbList","@id":"https:\/\/oze.jesman.pl\/en\/contact\/#breadcrumb","itemListElement":[{"@type":"ListItem","position":1,"name":"Strona g\u0142\u00f3wna","item":"https:\/\/oze.jesman.pl\/en\/home\/"},{"@type":"ListItem","position":2,"name":"CONTACT"}]},{"@type":"WebSite","@id":"https:\/\/oze.jesman.pl\/#website","url":"https:\/\/oze.jesman.pl\/","name":"OZE Grzegorz Je\u015bman Radcowie Prawni i Adwokaci \u0141\u00f3d\u017a","description":"Nasz zesp\u00f3\u0142 prawnik\u00f3w od 15 lat realizuje inwestycje OZE.","publisher":{"@id":"https:\/\/oze.jesman.pl\/#organization"},"potentialAction":[{"@type":"SearchAction","target":{"@type":"EntryPoint","urlTemplate":"https:\/\/oze.jesman.pl\/?s={search_term_string}"},"query-input":"required name=search_term_string"}],"inLanguage":"en-US"},{"@type":"Organization","@id":"https:\/\/oze.jesman.pl\/#organization","name":"Zesp\u00f3\u0142 stanowi\u0105 profesjonalni prawnicy z ka\u017cdej dziedziny wykorzystywanej w inwestycjach OZE","url":"https:\/\/oze.jesman.pl\/","logo":{"@type":"ImageObject","inLanguage":"en-US","@id":"https:\/\/oze.jesman.pl\/#\/schema\/logo\/image\/","url":"https:\/\/oze.jesman.pl\/wp-content\/uploads\/2023\/12\/logo-oze.png","contentUrl":"https:\/\/oze.jesman.pl\/wp-content\/uploads\/2023\/12\/logo-oze.png","width":630,"height":250,"caption":"Zesp\u00f3\u0142 stanowi\u0105 profesjonalni prawnicy z ka\u017cdej dziedziny wykorzystywanej w inwestycjach OZE"},"image":{"@id":"https:\/\/oze.jesman.pl\/#\/schema\/logo\/image\/"},"sameAs":["https:\/\/www.facebook.com\/ozegrzegorzjesman"]}]}},"_links":{"self":[{"href":"https:\/\/oze.jesman.pl\/en\/wp-json\/wp\/v2\/pages\/3757","targetHints":{"allow":["GET"]}}],"collection":[{"href":"https:\/\/oze.jesman.pl\/en\/wp-json\/wp\/v2\/pages"}],"about":[{"href":"https:\/\/oze.jesman.pl\/en\/wp-json\/wp\/v2\/types\/page"}],"author":[{"embeddable":true,"href":"https:\/\/oze.jesman.pl\/en\/wp-json\/wp\/v2\/users\/1"}],"replies":[{"embeddable":true,"href":"https:\/\/oze.jesman.pl\/en\/wp-json\/wp\/v2\/comments?post=3757"}],"version-history":[{"count":2,"href":"https:\/\/oze.jesman.pl\/en\/wp-json\/wp\/v2\/pages\/3757\/revisions"}],"predecessor-version":[{"id":3759,"href":"https:\/\/oze.jesman.pl\/en\/wp-json\/wp\/v2\/pages\/3757\/revisions\/3759"}],"wp:attachment":[{"href":"https:\/\/oze.jesman.pl\/en\/wp-json\/wp\/v2\/media?parent=3757"}],"curies":[{"name":"wp","href":"https:\/\/api.w.org\/{rel}","templated":true}]}}